{"id":672,"date":"2020-04-10T22:12:33","date_gmt":"2020-04-10T20:12:33","guid":{"rendered":"http:\/\/weldplastic.pl\/index.php\/produkty-2\/"},"modified":"2022-10-13T12:25:28","modified_gmt":"2022-10-13T10:25:28","slug":"produkty-2","status":"publish","type":"page","link":"https:\/\/weldplastic.pl\/index.php\/produkty-2\/","title":{"rendered":"Produkty"},"content":{"rendered":"\n<h6 class=\"wp-block-heading\"> Ze wzgl\u0119du na cz\u0119sto zmieniaj\u0105ce si\u0119 ceny materia\u0142\u00f3w podane ceny gotowych produkt\u00f3w s\u0105 podgl\u0105dowe i mog\u0105 si\u0119 r\u00f3\u017cni\u0107 z aktualn\u0105 ofert\u0105. W celu wyceny prosimy o kontakt pod adres e-mail: biuro@weldplastic.pl <\/h6>\n\n\n            <div id=\"product_listing\" class=\"post-672 page type-page status-publish hentry al_product responsive\">\n\t\t\t<div class=\"ic-catalog-container\"><div class=\"product-list default  per-row-2\" >\n\n    <div class=\"al_archive product-1214 modern-grid-element green-box ic-design publish priced\">\n\t\t        <div class=\"pseudo\"><\/div>\n        <a href=\"https:\/\/weldplastic.pl\/index.php\/produkty-2\/wanna-na-kwas-azotowy-z-tworzywa-pp\/\"><img fetchpriority=\"high\" decoding=\"async\" width=\"600\" height=\"384\" src=\"https:\/\/weldplastic.pl\/wp-content\/uploads\/2021\/07\/IMG_20210713_142412-1-600x384.jpg\" class=\"modern-grid-image\" alt=\"Wanna na kwas azotowy z tworzywa PP\" \/>            <h3 class=\"product-name green-box ic-design\">Wanna na kwas azotowy z tworzywa PP<\/h3>\n\t\t\t<span class=\"product-price red-price big-price ic-design\">2\u00a0500,00PLN<\/span>        <\/a>\n\t\t    <\/div>\n\n\n\n    <div class=\"al_archive product-1213 modern-grid-element green-box ic-design publish priced\">\n\t\t        <div class=\"pseudo\"><\/div>\n        <a href=\"https:\/\/weldplastic.pl\/index.php\/produkty-2\/wanna-do-plukania-zbiornik-myjka-z-polipropylenu-pp\/\"><img decoding=\"async\" width=\"600\" height=\"384\" src=\"https:\/\/weldplastic.pl\/wp-content\/uploads\/2021\/03\/wannapp-weld-plastic-lodz-600x384.png\" class=\"modern-grid-image\" alt=\"Wanna do p\u0142ukania, zbiornik, myjka z polipropylenu PP\" \/>            <h3 class=\"product-name green-box ic-design\">Wanna do p\u0142ukania, zbiornik, myjka z polipropylenu PP<\/h3>\n\t\t\t<span class=\"product-price red-price big-price ic-design\">2\u00a0999,00PLN<\/span>        <\/a>\n\t\t    <\/div>\n\n\n\n    <div class=\"al_archive product-1212 modern-grid-element green-box ic-design publish priced\">\n\t\t        <div class=\"pseudo\"><\/div>\n        <a href=\"https:\/\/weldplastic.pl\/index.php\/produkty-2\/polka-wanna-zbiornik-z-pp\/\"><img decoding=\"async\" width=\"600\" height=\"384\" src=\"https:\/\/weldplastic.pl\/wp-content\/uploads\/2021\/03\/IMG_20210319_165213-600x384.jpg\" class=\"modern-grid-image\" alt=\"P\u00f3\u0142ka, wanna, zbiornik z PP\" \/>            <h3 class=\"product-name green-box ic-design\">P\u00f3\u0142ka, wanna, zbiornik z PP<\/h3>\n\t\t\t<span class=\"product-price red-price big-price ic-design\">2\u00a0999,00PLN<\/span>        <\/a>\n\t\t    <\/div>\n\n\n\n    <div class=\"al_archive product-1211 modern-grid-element green-box ic-design publish priced\">\n\t\t        <div class=\"pseudo\"><\/div>\n        <a href=\"https:\/\/weldplastic.pl\/index.php\/produkty-2\/zbiornik-cylindryczny-z-tworzywa-sztucznego-pp\/\"><img loading=\"lazy\" decoding=\"async\" width=\"600\" height=\"384\" src=\"https:\/\/weldplastic.pl\/wp-content\/uploads\/2021\/04\/PRZED-3-600x384.png\" class=\"modern-grid-image\" alt=\"Zbiornik cylindryczny z tworzywa sztucznego PP\" \/>            <h3 class=\"product-name green-box ic-design\">Zbiornik cylindryczny z tworzywa sztucznego PP<\/h3>\n\t\t\t<span class=\"product-price red-price big-price ic-design\">2\u00a0500,00PLN<\/span>        <\/a>\n\t\t    <\/div>\n\n\n\n    <div class=\"al_archive product-1210 modern-grid-element green-box ic-design publish priced\">\n\t\t        <div class=\"pseudo\"><\/div>\n        <a href=\"https:\/\/weldplastic.pl\/index.php\/produkty-2\/wanna-do-trawienia-2700x800x1000-mm\/\"><img loading=\"lazy\" decoding=\"async\" width=\"600\" height=\"384\" src=\"https:\/\/weldplastic.pl\/wp-content\/uploads\/2021\/06\/wanna-do-trawienia-aluminum-weld-plastic-\u0142\u00f3d\u017a-wanny-galwaniczne-zbiorniki-z-tworzyw-pp-pe-pvc-600x384.png\" class=\"modern-grid-image\" alt=\"Wanna do trawienia 2700x800x1000 mm\" \/>            <h3 class=\"product-name green-box ic-design\">Wanna do trawienia 2700x800x1000 mm<\/h3>\n\t\t\t<span class=\"product-price red-price big-price ic-design\">8\u00a0999,00PLN<\/span>        <\/a>\n\t\t    <\/div>\n\n\n\n    <div class=\"al_archive product-979 modern-grid-element green-box ic-design publish priced\">\n\t\t        <div class=\"pseudo\"><\/div>\n        <a href=\"https:\/\/weldplastic.pl\/index.php\/produkty-2\/wanna-pp-h-500-x-500-mm-h-400-mm\/\"><img loading=\"lazy\" decoding=\"async\" width=\"512\" height=\"384\" src=\"https:\/\/weldplastic.pl\/wp-content\/uploads\/2020\/05\/5-scaled.jpg\" class=\"modern-grid-image\" alt=\"WANNA PP-H 500 x 500 mm h= 400 mm\" srcset=\"https:\/\/weldplastic.pl\/wp-content\/uploads\/2020\/05\/5-scaled.jpg 2560w, https:\/\/weldplastic.pl\/wp-content\/uploads\/2020\/05\/5-300x225.jpg 300w, https:\/\/weldplastic.pl\/wp-content\/uploads\/2020\/05\/5-1024x768.jpg 1024w, https:\/\/weldplastic.pl\/wp-content\/uploads\/2020\/05\/5-768x576.jpg 768w, https:\/\/weldplastic.pl\/wp-content\/uploads\/2020\/05\/5-1536x1152.jpg 1536w\" sizes=\"(max-width: 512px) 100vw, 512px\" \/>            <h3 class=\"product-name green-box ic-design\">WANNA PP-H 500 x 500 mm h= 400 mm<\/h3>\n\t\t\t<span class=\"product-price red-price big-price ic-design\">1\u00a0400,00PLN<\/span>        <\/a>\n\t\t    <\/div>\n\n\n\n    <div class=\"al_archive product-978 modern-grid-element green-box ic-design publish priced\">\n\t\t        <div class=\"pseudo\"><\/div>\n        <a href=\"https:\/\/weldplastic.pl\/index.php\/produkty-2\/wanna-do-plukania-1000-x-500-mm-h-1000mm\/\"><img loading=\"lazy\" decoding=\"async\" width=\"488\" height=\"384\" src=\"https:\/\/weldplastic.pl\/wp-content\/uploads\/2020\/05\/3-scaled.jpg\" class=\"modern-grid-image\" alt=\"Wanna do p\u0142ukania 1000 x 500 mm h= 1000mm\" srcset=\"https:\/\/weldplastic.pl\/wp-content\/uploads\/2020\/05\/3-scaled.jpg 2560w, https:\/\/weldplastic.pl\/wp-content\/uploads\/2020\/05\/3-300x236.jpg 300w, https:\/\/weldplastic.pl\/wp-content\/uploads\/2020\/05\/3-1024x805.jpg 1024w, https:\/\/weldplastic.pl\/wp-content\/uploads\/2020\/05\/3-768x604.jpg 768w, https:\/\/weldplastic.pl\/wp-content\/uploads\/2020\/05\/3-1536x1208.jpg 1536w\" sizes=\"(max-width: 488px) 100vw, 488px\" \/>            <h3 class=\"product-name green-box ic-design\">Wanna do p\u0142ukania 1000 x 500 mm h= 1000mm<\/h3>\n\t\t\t<span class=\"product-price red-price big-price ic-design\">2\u00a0499,00PLN<\/span>        <\/a>\n\t\t    <\/div>\n\n\n\n    <div class=\"al_archive product-975 modern-grid-element green-box ic-design publish priced\">\n\t\t        <div class=\"pseudo\"><\/div>\n        <a href=\"https:\/\/weldplastic.pl\/index.php\/produkty-2\/wanna-pvc-u-500-x-500-mm-h400mm\/\"><img loading=\"lazy\" decoding=\"async\" width=\"600\" height=\"384\" src=\"https:\/\/weldplastic.pl\/wp-content\/uploads\/2020\/09\/IMG_20200910_105929-600x384.jpg\" class=\"modern-grid-image\" alt=\"Wanna PVC-U 500 x 500 mm h=400mm\" \/>            <h3 class=\"product-name green-box ic-design\">Wanna PVC-U 500 x 500 mm h=400mm<\/h3>\n\t\t\t<span class=\"product-price red-price big-price ic-design\">1\u00a0099,00PLN<\/span>        <\/a>\n\t\t    <\/div>\n\n\n\n    <div class=\"al_archive product-972 modern-grid-element green-box ic-design publish priced\">\n\t\t        <div class=\"pseudo\"><\/div>\n        <a href=\"https:\/\/weldplastic.pl\/index.php\/produkty-2\/wanna-pvc-u-500-x-500-mm-h400-mm\/\"><img loading=\"lazy\" decoding=\"async\" width=\"600\" height=\"384\" src=\"https:\/\/weldplastic.pl\/wp-content\/uploads\/2020\/09\/wanna-pvc-spawana-zbiornik-chemoodporny-pp-pe-pvdf-do-chromowania-600x384.png\" class=\"modern-grid-image\" alt=\"WANNA PVC-U 500 X 500 mm h=400 mm\" \/>            <h3 class=\"product-name green-box ic-design\">WANNA PVC-U 500 X 500 mm h=400 mm<\/h3>\n\t\t\t<span class=\"product-price red-price big-price ic-design\">1\u00a0480,00PLN<\/span>        <\/a>\n\t\t    <\/div>\n\n\n\n    <div class=\"al_archive product-677 modern-grid-element green-box ic-design publish priced\">\n\t\t        <div class=\"pseudo\"><\/div>\n        <a href=\"https:\/\/weldplastic.pl\/index.php\/produkty-2\/110x70-cm-wanna-z-tworzywa-pp\/\"><img loading=\"lazy\" decoding=\"async\" width=\"512\" height=\"384\" src=\"https:\/\/weldplastic.pl\/wp-content\/uploads\/2020\/04\/wanna-z-polipropylenu-pp-h-weld-plastic-lodz.jpg\" class=\"modern-grid-image\" alt=\"110&#215;70 cm Wanna z tworzywa PP-H\" srcset=\"https:\/\/weldplastic.pl\/wp-content\/uploads\/2020\/04\/wanna-z-polipropylenu-pp-h-weld-plastic-lodz.jpg 2500w, https:\/\/weldplastic.pl\/wp-content\/uploads\/2020\/04\/wanna-z-polipropylenu-pp-h-weld-plastic-lodz-300x225.jpg 300w, https:\/\/weldplastic.pl\/wp-content\/uploads\/2020\/04\/wanna-z-polipropylenu-pp-h-weld-plastic-lodz-1024x768.jpg 1024w, https:\/\/weldplastic.pl\/wp-content\/uploads\/2020\/04\/wanna-z-polipropylenu-pp-h-weld-plastic-lodz-768x576.jpg 768w, https:\/\/weldplastic.pl\/wp-content\/uploads\/2020\/04\/wanna-z-polipropylenu-pp-h-weld-plastic-lodz-1536x1152.jpg 1536w, https:\/\/weldplastic.pl\/wp-content\/uploads\/2020\/04\/wanna-z-polipropylenu-pp-h-weld-plastic-lodz-2048x1536.jpg 2048w\" sizes=\"(max-width: 512px) 100vw, 512px\" \/>            <h3 class=\"product-name green-box ic-design\">110&#215;70 cm Wanna z tworzywa PP-H<\/h3>\n\t\t\t<span class=\"product-price red-price big-price ic-design\">6\u00a0000,00PLN<\/span>        <\/a>\n\t\t    <\/div>\n\n\n\n    <div class=\"al_archive product-682 modern-grid-element green-box ic-design publish priced\">\n\t\t        <div class=\"pseudo\"><\/div>\n        <a href=\"https:\/\/weldplastic.pl\/index.php\/produkty-2\/50x50-cm-wanna-galwanizerska-z-tworzywa-galwanizacja-zbiornik-pp-h-pp\/\"><img loading=\"lazy\" decoding=\"async\" width=\"512\" height=\"384\" src=\"https:\/\/weldplastic.pl\/wp-content\/uploads\/2020\/04\/wanna-galwanizerska-z-tworzywa-sztucznegopp.jpg\" class=\"modern-grid-image\" alt=\"50&#215;50 cm Wanna z tworzywa PP-H\" srcset=\"https:\/\/weldplastic.pl\/wp-content\/uploads\/2020\/04\/wanna-galwanizerska-z-tworzywa-sztucznegopp.jpg 2500w, https:\/\/weldplastic.pl\/wp-content\/uploads\/2020\/04\/wanna-galwanizerska-z-tworzywa-sztucznegopp-300x225.jpg 300w, https:\/\/weldplastic.pl\/wp-content\/uploads\/2020\/04\/wanna-galwanizerska-z-tworzywa-sztucznegopp-1024x768.jpg 1024w, https:\/\/weldplastic.pl\/wp-content\/uploads\/2020\/04\/wanna-galwanizerska-z-tworzywa-sztucznegopp-768x576.jpg 768w, https:\/\/weldplastic.pl\/wp-content\/uploads\/2020\/04\/wanna-galwanizerska-z-tworzywa-sztucznegopp-1536x1152.jpg 1536w, https:\/\/weldplastic.pl\/wp-content\/uploads\/2020\/04\/wanna-galwanizerska-z-tworzywa-sztucznegopp-2048x1536.jpg 2048w\" sizes=\"(max-width: 512px) 100vw, 512px\" \/>            <h3 class=\"product-name green-box ic-design\">50&#215;50 cm Wanna z tworzywa PP-H<\/h3>\n\t\t\t<span class=\"product-price red-price big-price ic-design\">1\u00a0099,00PLN<\/span>        <\/a>\n\t\t    <\/div>\n\n\n\n    <div class=\"al_archive product-692 modern-grid-element green-box ic-design publish no-price\">\n\t\t        <div class=\"pseudo\"><\/div>\n        <a href=\"https:\/\/weldplastic.pl\/index.php\/produkty-2\/wanna-wychwytujaca-tacka-pudelko\/\"><img loading=\"lazy\" decoding=\"async\" width=\"600\" height=\"384\" src=\"https:\/\/weldplastic.pl\/wp-content\/uploads\/2020\/04\/wanna-przechwytuj\u0105ca-taca-ociekowa-pp-600x384.png\" class=\"modern-grid-image\" alt=\"Wanna wychwytuj\u0105ca, tacka, pude\u0142ko\" \/>            <h3 class=\"product-name green-box ic-design\">Wanna wychwytuj\u0105ca, tacka, pude\u0142ko<\/h3>\n\t\t\t        <\/a>\n\t\t    <\/div>\n\n<\/div><div id=\"product_archive_nav\" class=\"product-archive-nav green-box ic-design\"><ul>\n<li class=\"active\" data-page=\"1\"><a href=\"https:\/\/weldplastic.pl\/index.php\/wp-json\/wp\/v2\/pages\/672\/\">1<\/a><\/li> \n<li class=\"last-num\" data-page=\"2\"><a href=\"https:\/\/weldplastic.pl\/index.php\/wp-json\/wp\/v2\/pages\/672\/page\/2\/\">2<\/a><\/li> \n<li class=\"next-page\" data-page=\"2\"><a href=\"https:\/\/weldplastic.pl\/index.php\/wp-json\/wp\/v2\/pages\/672\/page\/2\/\" ><span>Kolejna Strona \u00bb<\/span><\/a><\/li> \n<\/ul><\/div>\n    <span class=\"clear\"><\/span>\n\t<\/div>            <\/div>\n\t\t\t","protected":false},"excerpt":{"rendered":"<p>Ze wzgl\u0119du na cz\u0119sto zmieniaj\u0105ce si\u0119 ceny materia\u0142\u00f3w podane ceny gotowych produkt\u00f3w s\u0105 podgl\u0105dowe i mog\u0105 si\u0119 r\u00f3\u017cni\u0107 z aktualn\u0105 ofert\u0105. W celu wyceny prosimy o kontakt pod adres e-mail: biuro@weldplastic.pl<\/p>\n","protected":false},"author":1,"featured_media":0,"parent":0,"menu_order":0,"comment_status":"closed","ping_status":"closed","template":"","meta":{"footnotes":""},"_links":{"self":[{"href":"https:\/\/weldplastic.pl\/index.php\/wp-json\/wp\/v2\/pages\/672"}],"collection":[{"href":"https:\/\/weldplastic.pl\/index.php\/wp-json\/wp\/v2\/pages"}],"about":[{"href":"https:\/\/weldplastic.pl\/index.php\/wp-json\/wp\/v2\/types\/page"}],"author":[{"embeddable":true,"href":"https:\/\/weldplastic.pl\/index.php\/wp-json\/wp\/v2\/users\/1"}],"replies":[{"embeddable":true,"href":"https:\/\/weldplastic.pl\/index.php\/wp-json\/wp\/v2\/comments?post=672"}],"version-history":[{"count":1,"href":"https:\/\/weldplastic.pl\/index.php\/wp-json\/wp\/v2\/pages\/672\/revisions"}],"predecessor-version":[{"id":1353,"href":"https:\/\/weldplastic.pl\/index.php\/wp-json\/wp\/v2\/pages\/672\/revisions\/1353"}],"wp:attachment":[{"href":"https:\/\/weldplastic.pl\/index.php\/wp-json\/wp\/v2\/media?parent=672"}],"curies":[{"name":"wp","href":"https:\/\/api.w.org\/{rel}","templated":true}]}}